{"id":26,"date":"2026-03-02T13:35:25","date_gmt":"2026-03-02T12:35:25","guid":{"rendered":"https:\/\/romaluxmassage.com\/?page_id=26"},"modified":"2026-03-29T15:29:18","modified_gmt":"2026-03-29T13:29:18","slug":"massaggi-tantra-roma","status":"publish","type":"page","link":"https:\/\/romaluxmassage.com\/en\/massaggi-tantra-roma\/","title":{"rendered":"I Nostri Massaggi Tantra a Roma: Vero Piacere Sensoriale"},"content":{"rendered":"<div data-elementor-type=\"wp-page\" data-elementor-id=\"26\" class=\"elementor elementor-26\">\n\t\t\t\t<div class=\"elementor-element elementor-element-be5fc8a e-con-full e-flex e-con e-parent\" data-id=\"be5fc8a\" data-element_type=\"container\" data-e-type=\"container\">\n\t\t\t\t<div class=\"elementor-element elementor-element-d4cfbfa elementor-widget elementor-widget-text-editor\" data-id=\"d4cfbfa\" data-element_type=\"widget\" data-e-type=\"widget\" data-widget_type=\"text-editor.default\">\n\t\t\t\t\t\t\t\t\t<p data-path-to-node=\"7\">I massaggi tantra a Roma Lux Massage sono molto pi\u00f9 di semplici trattamenti. Infatti, \u00e8 un rituale profondo e coinvolgente che ti permette di lasciare alle spalle la frenesia, offriamo un viaggio dedicato al risveglio dei sensi. L&#8217;obiettivo principale \u00e8 ristabilire la perfetta armonia tra il corpo e la mente.<\/p><p data-path-to-node=\"9\">Inoltre, curiamo ogni minimo dettaglio per il tuo benessere. Pertanto, la tua energia vitale potr\u00e0 tornare a scorrere liberamente.<\/p><h2 data-path-to-node=\"10\">Perch\u00e9 Scegliere i Massaggi Tantra Roma Lux Massage<\/h2><p data-path-to-node=\"11\">Scegliere il nostro centro significa affidarsi a una vera oasi di pace. Qui, la professionalit\u00e0 incontra sempre l\u2019eccellenza. Per questo ti garantiamo:<\/p><ul data-path-to-node=\"12\"><li><p data-path-to-node=\"12,0,0\"><b data-path-to-node=\"12,0,0\" data-index-in-node=\"0\">Rilassamento Totale:<\/b> Usiamo tecniche specifiche e personalizzate per eliminare lo stress accumulato. In questo modo, riusciamo a creare una profonda disconnessione dalla routine quotidiana.<\/p><\/li><li><p data-path-to-node=\"12,1,0\"><b data-path-to-node=\"12,1,0\" data-index-in-node=\"0\">Atmosfera Esclusiva:<\/b> Luci soffuse, profumi, aromi naturali e ambienti riservati. Inoltre, Dolcezza ed eleganza, unite alla musica rilassante e gli oli pregiati offrono un\u2019immersione sensoriale completa.<\/p><\/li><li><p data-path-to-node=\"12,2,0\"><b data-path-to-node=\"12,2,0\" data-index-in-node=\"0\">Privacy e Sicurezza:<\/b> Le Ci distinguiamo per saper mantenere sempre un approccio discreto e altamente professionale. Cos\u00ec potrai vivere il tuo momento di benessere nella massima tranquillit\u00e0.<\/p><\/li><\/ul>\t\t\t\t\t\t\t\t<\/div>\n\t\t\t\t<\/div>\n\t\t\t\t<section class=\"elementor-section elementor-top-section elementor-element elementor-element-f22747d elementor-section-boxed elementor-section-height-default elementor-section-height-default\" data-id=\"f22747d\" data-element_type=\"section\" data-e-type=\"section\">\n\t\t\t\t\t\t<div class=\"elementor-container elementor-column-gap-default\">\n\t\t\t\t\t<div class=\"elementor-column elementor-col-100 elementor-top-column elementor-element elementor-element-4e40d0f\" data-id=\"4e40d0f\" data-element_type=\"column\" data-e-type=\"column\">\n\t\t\t<div class=\"elementor-widget-wrap elementor-element-populated\">\n\t\t\t\t\t\t<div class=\"elementor-element elementor-element-93425eb elementor-widget elementor-widget-ovasev_elementor_service_box\" data-id=\"93425eb\" data-element_type=\"widget\" data-e-type=\"widget\" data-widget_type=\"ovasev_elementor_service_box.default\">\n\t\t\t\t<div class=\"elementor-widget-container\">\n\t\t\t\t\t\n<div class=\"ova-service-box-elementor three_column\">\n\n\t\n\t<div class=\"ova-service-box ova-service-box-template3\">\n\n\t    <div class=\"img-service\">\t\n\t    \t<img decoding=\"async\" src=\"https:\/\/romaluxmassage.com\/wp-content\/uploads\/2025\/03\/Massaggi_Tantra-768x660.jpg\" alt=\"Massaggio Tantra Relax a Roma\">\n\t    <\/div>\n\t    \n\t    <div class=\"info\">\n\n\t    \t<div class=\"info-heading\">\n\t    \t\t<div class=\"icon-title\">\n\t\t    \t\t\t\t\t\t\t\t<div class=\"icon\">\n\t\t\t\t\t\t\t<i class=\"flaticon-facial-mask-1\"><\/i>\n\t\t\t\t\t\t<\/div>\n\t\t\t\t\t\n\t\t\t    \t\t\t\t\t\t\t<a href=\"https:\/\/romaluxmassage.com\/en\/service\/massaggio-relax\/\"  title=\"Massaggio Tantra Relax a Roma\">\n\t\t\t\t\t\n\t\t\t\t        \t\t\t\t\t\t\t<h4 class=\"title\">\n\t\t\t\t\t\t\t\tMassaggio Tantra Relax a Roma\t\t\t\t\t\t\t<\/h4>\n\t\t\t\t\t\t\n\t\t\t\t\t\t\t\t\t\t\t<\/a>\n\t\t\t\t\t\t\t    \t<\/div>\n\n\t\t\t\t<a class=\"book-button\" href=\"https:\/\/romaluxmassage.com\/en\/service\/massaggio-relax\/\"  title=\"Massaggio Tantra Relax a Roma\">\n\t\t\t\t\t<i aria-hidden=\"true\" class=\"fas fa-arrow-right\"><\/i>\n\t\t\t\t<\/a>\n\t    \t<\/div>\n\n\t\t\t\t\t\t\t\t\t\t\t\t<p class=\"description\">\n\t\t\t\t\t\tSe cerchi un massaggio Tantra Relax a Roma, ti offriamo un\u2019esperienza unica. Questo trattamento coinvolge sia il corpo che la mente. Inoltre, \u00e8 l&#039;ideale per chi desidera ritrovare equilibrio e benessere. Tutto questo avviene attraverso il tocco sapiente delle nostre esperte.\t\t\t\t\t<\/p>\n\t\t\t\t\t\t\t\n\t    <\/div>\n\n\t<\/div>\n\t<div class=\"ova-service-box ova-service-box-template3\">\n\n\t    <div class=\"img-service\">\t\n\t    \t<img decoding=\"async\" src=\"https:\/\/romaluxmassage.com\/wp-content\/uploads\/2022\/08\/spa-service-03-768x533.jpg\" alt=\"Sensual Tantra Massaggio con Pietre Calde\">\n\t    <\/div>\n\t    \n\t    <div class=\"info\">\n\n\t    \t<div class=\"info-heading\">\n\t    \t\t<div class=\"icon-title\">\n\t\t    \t\t\t\t\t\t\t\t<div class=\"icon\">\n\t\t\t\t\t\t\t<i class=\"flaticon-stones\"><\/i>\n\t\t\t\t\t\t<\/div>\n\t\t\t\t\t\n\t\t\t    \t\t\t\t\t\t\t<a href=\"https:\/\/romaluxmassage.com\/en\/service\/massaggio-con-pietre-calde\/\"  title=\"Sensual Tantra Massaggio con Pietre Calde\">\n\t\t\t\t\t\n\t\t\t\t        \t\t\t\t\t\t\t<h4 class=\"title\">\n\t\t\t\t\t\t\t\tSensual Tantra Massaggio con Pietre Calde\t\t\t\t\t\t\t<\/h4>\n\t\t\t\t\t\t\n\t\t\t\t\t\t\t\t\t\t\t<\/a>\n\t\t\t\t\t\t\t    \t<\/div>\n\n\t\t\t\t<a class=\"book-button\" href=\"https:\/\/romaluxmassage.com\/en\/service\/massaggio-con-pietre-calde\/\"  title=\"Sensual Tantra Massaggio con Pietre Calde\">\n\t\t\t\t\t<i aria-hidden=\"true\" class=\"fas fa-arrow-right\"><\/i>\n\t\t\t\t<\/a>\n\t    \t<\/div>\n\n\t\t\t\t\t\t\t\t\t\t\t\t<p class=\"description\">\n\t\t\t\t\t\tIl massaggio con pietre calde \u00e8 un trattamento estremamente rilassante. Nello specifico, combina il calore delle pietre vulcaniche con movimenti delicati. Questa tecnica serve a sciogliere le tensioni muscolari e a migliorare la circolazione. Di conseguenza, vivrai un profondo riequilibrio energetico.\t\t\t\t\t<\/p>\n\t\t\t\t\t\t\t\n\t    <\/div>\n\n\t<\/div>\n\t<div class=\"ova-service-box ova-service-box-template3\">\n\n\t    <div class=\"img-service\">\t\n\t    \t<img decoding=\"async\" src=\"https:\/\/romaluxmassage.com\/wp-content\/uploads\/2022\/08\/Massaggio-Yoni-533-768x533.jpg\" alt=\"Massaggio Yoni Roma: Il Benessere al Femminile\">\n\t    <\/div>\n\t    \n\t    <div class=\"info\">\n\n\t    \t<div class=\"info-heading\">\n\t    \t\t<div class=\"icon-title\">\n\t\t    \t\t\t\t\t\t\t\t<div class=\"icon\">\n\t\t\t\t\t\t\t<i class=\"flaticon-lotus\"><\/i>\n\t\t\t\t\t\t<\/div>\n\t\t\t\t\t\n\t\t\t    \t\t\t\t\t\t\t<a href=\"https:\/\/romaluxmassage.com\/en\/service\/massaggio-yoni\/\"  title=\"Massaggio Yoni Roma: Il Benessere al Femminile\">\n\t\t\t\t\t\n\t\t\t\t        \t\t\t\t\t\t\t<h4 class=\"title\">\n\t\t\t\t\t\t\t\tMassaggio Yoni Roma: Il Benessere al Femminile\t\t\t\t\t\t\t<\/h4>\n\t\t\t\t\t\t\n\t\t\t\t\t\t\t\t\t\t\t<\/a>\n\t\t\t\t\t\t\t    \t<\/div>\n\n\t\t\t\t<a class=\"book-button\" href=\"https:\/\/romaluxmassage.com\/en\/service\/massaggio-yoni\/\"  title=\"Massaggio Yoni Roma: Il Benessere al Femminile\">\n\t\t\t\t\t<i aria-hidden=\"true\" class=\"fas fa-arrow-right\"><\/i>\n\t\t\t\t<\/a>\n\t    \t<\/div>\n\n\t\t\t\t\t\t\t\t\t\t\t\t<p class=\"description\">\n\t\t\t\t\t\tIl massaggio Yoni \u00e8 un trattamento tantrico pensato per le donne. Infatti, si dedica interamente al benessere e all\u2019energia femminile. Questo percorso aiuta a sciogliere le tensioni e a liberare i blocchi energetici. Allo stesso modo, allontana i preconcetti e migliora l&#039;equilibrio emotivo.\t\t\t\t\t<\/p>\n\t\t\t\t\t\t\t\n\t    <\/div>\n\n\t<\/div>\n\t<div class=\"ova-service-box ova-service-box-template3\">\n\n\t    <div class=\"img-service\">\t\n\t    \t<img decoding=\"async\" src=\"https:\/\/romaluxmassage.com\/wp-content\/uploads\/2025\/03\/Lingam-massage-533-768x533.jpg\" alt=\"Massaggio Lingam Roma: Rituale Tantra del Benessere Maschile\">\n\t    <\/div>\n\t    \n\t    <div class=\"info\">\n\n\t    \t<div class=\"info-heading\">\n\t    \t\t<div class=\"icon-title\">\n\t\t    \t\t\t\t\t\t\t\t<div class=\"icon\">\n\t\t\t\t\t\t\t<i class=\"flaticon-massage-2\"><\/i>\n\t\t\t\t\t\t<\/div>\n\t\t\t\t\t\n\t\t\t    \t\t\t\t\t\t\t<a href=\"https:\/\/romaluxmassage.com\/en\/service\/massaggio-lingam\/\"  title=\"Massaggio Lingam Roma: Rituale Tantra del Benessere Maschile\">\n\t\t\t\t\t\n\t\t\t\t        \t\t\t\t\t\t\t<h4 class=\"title\">\n\t\t\t\t\t\t\t\tMassaggio Lingam Roma: Rituale Tantra del Benessere Maschile\t\t\t\t\t\t\t<\/h4>\n\t\t\t\t\t\t\n\t\t\t\t\t\t\t\t\t\t\t<\/a>\n\t\t\t\t\t\t\t    \t<\/div>\n\n\t\t\t\t<a class=\"book-button\" href=\"https:\/\/romaluxmassage.com\/en\/service\/massaggio-lingam\/\"  title=\"Massaggio Lingam Roma: Rituale Tantra del Benessere Maschile\">\n\t\t\t\t\t<i aria-hidden=\"true\" class=\"fas fa-arrow-right\"><\/i>\n\t\t\t\t<\/a>\n\t    \t<\/div>\n\n\t\t\t\t\t\t\t\t\t\t\t\t<p class=\"description\">\n\t\t\t\t\t\tIl massaggio Lingam \u00e8 un\u2019esperienza olistica dedicata agli uomini. Grazie a questo trattamento, potrai rilassare sia il corpo che la mente. Inoltre, serve a riequilibrare l\u2019energia vitale e a favorire l\u2019armonia interiore. Nel nostro centro, ti accogliamo in un ambiente riservato per un momento esclusivo di piacere.\t\t\t\t\t<\/p>\n\t\t\t\t\t\t\t\n\t    <\/div>\n\n\t<\/div>\n\t<div class=\"ova-service-box ova-service-box-template3\">\n\n\t    <div class=\"img-service\">\t\n\t    \t<img decoding=\"async\" src=\"https:\/\/romaluxmassage.com\/wp-content\/uploads\/2025\/03\/Massaggio-Tantra-Love-533-768x533.jpg\" alt=\"Massaggio Tantra Love a Roma\">\n\t    <\/div>\n\t    \n\t    <div class=\"info\">\n\n\t    \t<div class=\"info-heading\">\n\t    \t\t<div class=\"icon-title\">\n\t\t    \t\t\t\t\t\t\t\t<div class=\"icon\">\n\t\t\t\t\t\t\t<i class=\"flaticon-herbs\"><\/i>\n\t\t\t\t\t\t<\/div>\n\t\t\t\t\t\n\t\t\t    \t\t\t\t\t\t\t<a href=\"https:\/\/romaluxmassage.com\/en\/service\/massaggio-tantra-love\/\"  title=\"Massaggio Tantra Love a Roma\">\n\t\t\t\t\t\n\t\t\t\t        \t\t\t\t\t\t\t<h4 class=\"title\">\n\t\t\t\t\t\t\t\tMassaggio Tantra Love a Roma\t\t\t\t\t\t\t<\/h4>\n\t\t\t\t\t\t\n\t\t\t\t\t\t\t\t\t\t\t<\/a>\n\t\t\t\t\t\t\t    \t<\/div>\n\n\t\t\t\t<a class=\"book-button\" href=\"https:\/\/romaluxmassage.com\/en\/service\/massaggio-tantra-love\/\"  title=\"Massaggio Tantra Love a Roma\">\n\t\t\t\t\t<i aria-hidden=\"true\" class=\"fas fa-arrow-right\"><\/i>\n\t\t\t\t<\/a>\n\t    \t<\/div>\n\n\t\t\t\t\t\t\t\t\t\t\t\t<p class=\"description\">\n\t\t\t\t\t\tIl Massaggio Tantra Love \u00e8 un\u2019esperienza sensoriale dall&#039;energia intensa. Crea infatti una connessione profonda tra il corpo e la mente. I movimenti fluidi e l\u2019uso di oli essenziali rendono questo trattamento speciale. In conclusione, si trasforma in un momento di puro relax e armonia interiore.\t\t\t\t\t<\/p>\n\t\t\t\t\t\t\t\n\t    <\/div>\n\n\t<\/div>\n\t<div class=\"ova-service-box ova-service-box-template3\">\n\n\t    <div class=\"img-service\">\t\n\t    \t<img decoding=\"async\" src=\"https:\/\/romaluxmassage.com\/wp-content\/uploads\/2022\/08\/Massaggio-Tantra-in-vasca-idromassaggio-533-768x533.jpg\" alt=\"Il Rituale in Vasca Idromassaggio a Roma\">\n\t    <\/div>\n\t    \n\t    <div class=\"info\">\n\n\t    \t<div class=\"info-heading\">\n\t    \t\t<div class=\"icon-title\">\n\t\t    \t\t\t\t\t\t\t\t<div class=\"icon\">\n\t\t\t\t\t\t\t<i class=\"flaticon-lotus\"><\/i>\n\t\t\t\t\t\t<\/div>\n\t\t\t\t\t\n\t\t\t    \t\t\t\t\t\t\t<a href=\"https:\/\/romaluxmassage.com\/en\/service\/massaggio-in-vasca-idromassaggio\/\"  title=\"Il Rituale in Vasca Idromassaggio a Roma\">\n\t\t\t\t\t\n\t\t\t\t        \t\t\t\t\t\t\t<h4 class=\"title\">\n\t\t\t\t\t\t\t\tIl Rituale in Vasca Idromassaggio a Roma\t\t\t\t\t\t\t<\/h4>\n\t\t\t\t\t\t\n\t\t\t\t\t\t\t\t\t\t\t<\/a>\n\t\t\t\t\t\t\t    \t<\/div>\n\n\t\t\t\t<a class=\"book-button\" href=\"https:\/\/romaluxmassage.com\/en\/service\/massaggio-in-vasca-idromassaggio\/\"  title=\"Il Rituale in Vasca Idromassaggio a Roma\">\n\t\t\t\t\t<i aria-hidden=\"true\" class=\"fas fa-arrow-right\"><\/i>\n\t\t\t\t<\/a>\n\t    \t<\/div>\n\n\t\t\t\t\t\t\t\t\t\t\t\t<p class=\"description\">\n\t\t\t\t\t\tIl massaggio Tantra in vasca idromassaggio \u00e8 la scelta ideale se sei in cerca di un\u2019esperienza di piacere e benessere esclusiva. Un trattamento unico che combina il potere rigenerante dell\u2019acqua calda con il tocco sapiente del massaggio Tantra, creando un\u2019esperienza di relax profondo e indimenticabile.\t\t\t\t\t<\/p>\n\t\t\t\t\t\t\t\n\t    <\/div>\n\n\t<\/div>\n\t<div class=\"ova-service-box ova-service-box-template3\">\n\n\t    <div class=\"img-service\">\t\n\t    \t<img decoding=\"async\" src=\"https:\/\/romaluxmassage.com\/wp-content\/uploads\/2025\/03\/Massaggi-Tantra-per-Coppia-533-768x533.jpg\" alt=\"Il Vero Massaggio Tantra per Coppia a Roma\">\n\t    <\/div>\n\t    \n\t    <div class=\"info\">\n\n\t    \t<div class=\"info-heading\">\n\t    \t\t<div class=\"icon-title\">\n\t\t    \t\t\t\t\t\t\t\t<div class=\"icon\">\n\t\t\t\t\t\t\t<i class=\"flaticon-massage-2\"><\/i>\n\t\t\t\t\t\t<\/div>\n\t\t\t\t\t\n\t\t\t    \t\t\t\t\t\t\t<a href=\"https:\/\/romaluxmassage.com\/en\/service\/massaggio-tantra-per-coppia\/\"  title=\"Il Vero Massaggio Tantra per Coppia a Roma\">\n\t\t\t\t\t\n\t\t\t\t        \t\t\t\t\t\t\t<h4 class=\"title\">\n\t\t\t\t\t\t\t\tIl Vero Massaggio Tantra per Coppia a Roma\t\t\t\t\t\t\t<\/h4>\n\t\t\t\t\t\t\n\t\t\t\t\t\t\t\t\t\t\t<\/a>\n\t\t\t\t\t\t\t    \t<\/div>\n\n\t\t\t\t<a class=\"book-button\" href=\"https:\/\/romaluxmassage.com\/en\/service\/massaggio-tantra-per-coppia\/\"  title=\"Il Vero Massaggio Tantra per Coppia a Roma\">\n\t\t\t\t\t<i aria-hidden=\"true\" class=\"fas fa-arrow-right\"><\/i>\n\t\t\t\t<\/a>\n\t    \t<\/div>\n\n\t\t\t\t\t\t\t\t\t\t\t\t<p class=\"description\">\n\t\t\t\t\t\tVivi un\u2019esperienza di intimit\u00e0 unica con il massaggio di coppia a Roma. Questo trattamento esclusivo \u00e8 perfetto per rafforzare la connessione emotiva e fisica. Sarete immersi in un ambiente elegante e totalmente riservato. Inoltre, godrete di tocchi delicati e di un\u2019atmosfera estremamente rilassante.\t\t\t\t\t<\/p>\n\t\t\t\t\t\t\t\n\t    <\/div>\n\n\t<\/div>\n\t<div class=\"ova-service-box ova-service-box-template3\">\n\n\t    <div class=\"img-service\">\t\n\t    \t<img decoding=\"async\" src=\"https:\/\/romaluxmassage.com\/wp-content\/uploads\/2025\/03\/Massaggi-Tantra-Cosa-sono-533-768x533.jpg\" alt=\"Tantra Nuru Massage a Roma\">\n\t    <\/div>\n\t    \n\t    <div class=\"info\">\n\n\t    \t<div class=\"info-heading\">\n\t    \t\t<div class=\"icon-title\">\n\t\t    \t\t\t\t\t\t\t\t<div class=\"icon\">\n\t\t\t\t\t\t\t<i class=\"flaticon-stones\"><\/i>\n\t\t\t\t\t\t<\/div>\n\t\t\t\t\t\n\t\t\t    \t\t\t\t\t\t\t<a href=\"https:\/\/romaluxmassage.com\/en\/service\/massaggio-nuru\/\"  title=\"Tantra Nuru Massage a Roma\">\n\t\t\t\t\t\n\t\t\t\t        \t\t\t\t\t\t\t<h4 class=\"title\">\n\t\t\t\t\t\t\t\tTantra Nuru Massage a Roma\t\t\t\t\t\t\t<\/h4>\n\t\t\t\t\t\t\n\t\t\t\t\t\t\t\t\t\t\t<\/a>\n\t\t\t\t\t\t\t    \t<\/div>\n\n\t\t\t\t<a class=\"book-button\" href=\"https:\/\/romaluxmassage.com\/en\/service\/massaggio-nuru\/\"  title=\"Tantra Nuru Massage a Roma\">\n\t\t\t\t\t<i aria-hidden=\"true\" class=\"fas fa-arrow-right\"><\/i>\n\t\t\t\t<\/a>\n\t    \t<\/div>\n\n\t\t\t\t\t\t\t\t\t\t\t\t<p class=\"description\">\n\t\t\t\t\t\tGrazie al rituale Nuru, sarai avvolto dal profumo di essenze pregiate. In questo modo, potrai allontanare immediatamente tutte le tue preoccupazioni. Si tratta di una combinazione intensa e sensuale. Soprattutto, le mani di una massaggiatrice esperta aiuteranno a rilasciare ogni tensione corporea.\t\t\t\t\t<\/p>\n\t\t\t\t\t\t\t\n\t    <\/div>\n\n\t<\/div>\n\t<div class=\"ova-service-box ova-service-box-template3\">\n\n\t    <div class=\"img-service\">\t\n\t    \t<img decoding=\"async\" src=\"https:\/\/romaluxmassage.com\/wp-content\/uploads\/2022\/08\/Massaggio-4-mani-533-768x533.jpg\" alt=\"Massaggio Tantra a 4 Mani\">\n\t    <\/div>\n\t    \n\t    <div class=\"info\">\n\n\t    \t<div class=\"info-heading\">\n\t    \t\t<div class=\"icon-title\">\n\t\t    \t\t\t\t\t\t\t\t<div class=\"icon\">\n\t\t\t\t\t\t\t<i class=\"flaticon-herbs\"><\/i>\n\t\t\t\t\t\t<\/div>\n\t\t\t\t\t\n\t\t\t    \t\t\t\t\t\t\t<a href=\"https:\/\/romaluxmassage.com\/en\/service\/massaggio-tantra-a-4-mani\/\"  title=\"Massaggio Tantra a 4 Mani\">\n\t\t\t\t\t\n\t\t\t\t        \t\t\t\t\t\t\t<h4 class=\"title\">\n\t\t\t\t\t\t\t\tMassaggio Tantra a 4 Mani\t\t\t\t\t\t\t<\/h4>\n\t\t\t\t\t\t\n\t\t\t\t\t\t\t\t\t\t\t<\/a>\n\t\t\t\t\t\t\t    \t<\/div>\n\n\t\t\t\t<a class=\"book-button\" href=\"https:\/\/romaluxmassage.com\/en\/service\/massaggio-tantra-a-4-mani\/\"  title=\"Massaggio Tantra a 4 Mani\">\n\t\t\t\t\t<i aria-hidden=\"true\" class=\"fas fa-arrow-right\"><\/i>\n\t\t\t\t<\/a>\n\t    \t<\/div>\n\n\t\t\t\t\t\t\t\t\t\t\t\t<p class=\"description\">\n\t\t\t\t\t\tIl massaggio a 4 Mani \u00e8 un trattamento altamente sensoriale. Durante la seduta, due operatrici lavorano in perfetta sincronia. I loro movimenti fluidi e sensuali creano una splendida armonia. Pertanto, \u00e8 la scelta ideale per chi desidera un\u2019esperienza di puro piacere.\t\t\t\t\t<\/p>\n\t\t\t\t\t\t\t\n\t    <\/div>\n\n\t<\/div>\n<\/div>\t\t\t\t<\/div>\n\t\t\t\t<\/div>\n\t\t\t\t\t<\/div>\n\t\t<\/div>\n\t\t\t\t\t<\/div>\n\t\t<\/section>\n\t\t<div class=\"elementor-element elementor-element-da3ae87 e-flex e-con-boxed e-con e-parent\" data-id=\"da3ae87\" data-element_type=\"container\" data-e-type=\"container\">\n\t\t\t\t\t<div class=\"e-con-inner\">\n\t\t\t\t<div class=\"elementor-element elementor-element-e291a53 elementor-widget elementor-widget-text-editor\" data-id=\"e291a53\" data-element_type=\"widget\" data-e-type=\"widget\" data-widget_type=\"text-editor.default\">\n\t\t\t\t\t\t\t\t\t<h3 data-path-to-node=\"2\">Domande Frequenti (FAQ) sui Massaggi Tantra Roma<\/h3><p data-path-to-node=\"3\"><b data-path-to-node=\"3\" data-index-in-node=\"0\">Cos&#8217;\u00e8 esattamente il massaggio Tantra Relax e quali benefici offre?<\/b><\/p><p data-path-to-node=\"3\">Il massaggio Tantra Relax \u00e8 un antico rituale orientato al riequilibrio energetico e al profondo rilassamento psicofisico. A differenza di un massaggio tradizionale, si concentra sul risveglio sensoriale attraverso movimenti lenti, tocchi leggeri e avvolgenti. Di conseguenza, i benefici principali includono la riduzione drastica dello stress, lo scioglimento dei blocchi emotivi e una ritrovata armonia tra corpo e mente.<\/p><p data-path-to-node=\"4\"><b data-path-to-node=\"4\" data-index-in-node=\"0\">Come mi devo preparare per la seduta?<\/b><\/p><p data-path-to-node=\"4\">Non \u00e8 richiesta alcuna preparazione particolare. Dopo aver preso l&#8217;appuntamento, ti consigliamo semplicemente di arrivare presso il nostro centro a Roma con qualche minuto di anticipo. Potrai accedere ad un ambiente riservato e confortevole, accomodarti e scambiare qualche parola con le ragazze per iniziare a staccare la spina dalla frenesia cittadina. Infine, prima del trattamento, la ragazza metter\u00e0 a tua disposizione un telo di spugna e ciabatte monouso per fare una doccia calda e prepararti a ricevere il massaggio in totale serenit\u00e0.<\/p><p data-path-to-node=\"5\"><b data-path-to-node=\"5\" data-index-in-node=\"0\">Il massaggio Tantra Relax \u00e8 indicato anche per le coppie?<\/b><\/p><p data-path-to-node=\"5\">Assolutamente s\u00ec. Anzi, condividere un&#8217;esperienza del genere con il proprio partner \u00e8 un modo straordinario per rafforzare la complicit\u00e0 e l&#8217;intimit\u00e0 di coppia. Per i Massaggi Tantra Roma Lux Massage disponiamo di cabine ampie e accoglienti, di una camera con vasca idromassaggio pensata proprio per farvi vivere questo viaggio sensoriale insieme, guidati contemporaneamente dalle nostre operatrici.<\/p><p data-path-to-node=\"6\"><b data-path-to-node=\"6\" data-index-in-node=\"0\">Come viene garantita la privacy durante il trattamento?<\/b><\/p><p data-path-to-node=\"6\">Il confort, la tranquillit\u00e0 e la riservatezza dei nostri clienti sono la nostra priorit\u00e0 assoluta. Il nostro centro offre un ambiente esclusivo, discreto e insonorizzato. Inoltre, tra le ragazze vige la massima discrezione per evitare incontri tra i clienti. Ogni dettaglio, dall&#8217;accoglienza fino al termine della seduta, \u00e8 curato con professionalit\u00e0 per garantirti un&#8217;esperienza di puro benessere senza alcuna preoccupazione.<\/p>\t\t\t\t\t\t\t\t<\/div>\n\t\t\t\t\t<\/div>\n\t\t\t\t<\/div>\n\t\t<div class=\"elementor-element elementor-element-30ef84b e-flex e-con-boxed e-con e-parent\" data-id=\"30ef84b\" data-element_type=\"container\" data-e-type=\"container\">\n\t\t\t\t\t<div class=\"e-con-inner\">\n\t\t\t\t<div class=\"elementor-element elementor-element-4fee3e7 elementor-widget-divider--view-line elementor-widget elementor-widget-divider\" data-id=\"4fee3e7\" data-element_type=\"widget\" data-e-type=\"widget\" data-widget_type=\"divider.default\">\n\t\t\t\t\t\t\t<div class=\"elementor-divider\">\n\t\t\t<span class=\"elementor-divider-separator\">\n\t\t\t\t\t\t<\/span>\n\t\t<\/div>\n\t\t\t\t\t\t<\/div>\n\t\t\t\t<div class=\"elementor-element elementor-element-9c8ae52 elementor-widget elementor-widget-text-editor\" data-id=\"9c8ae52\" data-element_type=\"widget\" data-e-type=\"widget\" data-widget_type=\"text-editor.default\">\n\t\t\t\t\t\t\t\t\t<p><strong>Ritrova il tuo equilibrio e regalati un&#8217;esperienza indimenticabile. Scopri i dettagli del nostro rituale e prenota i tuoi massaggi tantra Roma oggi stesso.<\/strong><\/p>\t\t\t\t\t\t\t\t<\/div>\n\t\t\t\t<div class=\"elementor-element elementor-element-e855932 elementor-align-center elementor-widget elementor-widget-button\" data-id=\"e855932\" data-element_type=\"widget\" data-e-type=\"widget\" data-widget_type=\"button.default\">\n\t\t\t\t\t\t\t\t\t\t<a class=\"elementor-button elementor-button-link elementor-size-sm\" href=\"http:\/\/api.whatsapp.com\/send\/?phone=393458593431\">\n\t\t\t\t\t\t<span class=\"elementor-button-content-wrapper\">\n\t\t\t\t\t\t\t\t\t<span class=\"elementor-button-text\">Fai clic qui<\/span>\n\t\t\t\t\t<\/span>\n\t\t\t\t\t<\/a>\n\t\t\t\t\t\t\t\t<\/div>\n\t\t\t\t\t<\/div>\n\t\t\t\t<\/div>\n\t\t\t\t<\/div>","protected":false},"excerpt":{"rendered":"<p>I massaggi tantra a Roma Lux Massage sono molto pi\u00f9 di semplici trattamenti. Infatti, \u00e8 un rituale profondo e coinvolgente che ti permette di lasciare alle spalle la frenesia, offriamo un viaggio dedicato al risveglio dei sensi. L&#8217;obiettivo principale \u00e8 ristabilire la perfetta armonia tra il corpo e la mente. Inoltre, curiamo ogni minimo dettaglio [&hellip;]<\/p>\n","protected":false},"author":1,"featured_media":0,"parent":0,"menu_order":0,"comment_status":"closed","ping_status":"closed","template":"","meta":{"_monsterinsights_skip_tracking":false,"_monsterinsights_sitenote_active":false,"_monsterinsights_sitenote_note":"","_monsterinsights_sitenote_category":0,"footnotes":""},"class_list":["post-26","page","type-page","status-publish","hentry"],"aioseo_notices":[],"_links":{"self":[{"href":"https:\/\/romaluxmassage.com\/en\/wp-json\/wp\/v2\/pages\/26","targetHints":{"allow":["GET"]}}],"collection":[{"href":"https:\/\/romaluxmassage.com\/en\/wp-json\/wp\/v2\/pages"}],"about":[{"href":"https:\/\/romaluxmassage.com\/en\/wp-json\/wp\/v2\/types\/page"}],"author":[{"embeddable":true,"href":"https:\/\/romaluxmassage.com\/en\/wp-json\/wp\/v2\/users\/1"}],"replies":[{"embeddable":true,"href":"https:\/\/romaluxmassage.com\/en\/wp-json\/wp\/v2\/comments?post=26"}],"version-history":[{"count":63,"href":"https:\/\/romaluxmassage.com\/en\/wp-json\/wp\/v2\/pages\/26\/revisions"}],"predecessor-version":[{"id":8228,"href":"https:\/\/romaluxmassage.com\/en\/wp-json\/wp\/v2\/pages\/26\/revisions\/8228"}],"wp:attachment":[{"href":"https:\/\/romaluxmassage.com\/en\/wp-json\/wp\/v2\/media?parent=26"}],"curies":[{"name":"wp","href":"https:\/\/api.w.org\/{rel}","templated":true}]}}